{"id":23226,"date":"2025-07-31T12:37:14","date_gmt":"2025-07-31T10:37:14","guid":{"rendered":"https:\/\/tasz.hu\/?page_id=23226"},"modified":"2025-09-25T15:13:22","modified_gmt":"2025-09-25T13:13:22","slug":"news","status":"publish","type":"page","link":"https:\/\/tasz.hu\/en\/news\/","title":{"rendered":"News"},"content":{"rendered":"","protected":false},"excerpt":{"rendered":"","protected":false},"author":4,"featured_media":0,"parent":0,"menu_order":12,"comment_status":"closed","ping_status":"closed","template":"","meta":{"_acf_changed":false,"_lmt_disableupdate":"no","_lmt_disable":"","footnotes":""},"cimkek":[],"class_list":["post-23226","page","type-page","status-publish","hentry"],"acf":[],"yoast_head":"<!-- This site is optimized with the Yoast SEO plugin v27.2 - https:\/\/yoast.com\/product\/yoast-seo-wordpress\/ -->\n<title>News | tasz<\/title>\n<meta name=\"robots\" content=\"index, follow, max-snippet:-1, max-image-preview:large, max-video-preview:-1\" \/>\n<link rel=\"canonical\" href=\"https:\/\/tasz.hu\/en\/news\/\" \/>\n<meta property=\"og:locale\" content=\"en_US\" \/>\n<meta property=\"og:type\" content=\"article\" \/>\n<meta property=\"og:title\" content=\"News | tasz\" \/>\n<meta property=\"og:url\" content=\"https:\/\/tasz.hu\/en\/news\/\" \/>\n<meta property=\"og:site_name\" content=\"tasz\" \/>\n<meta property=\"article:publisher\" content=\"https:\/\/www.facebook.com\/atasz\" \/>\n<meta property=\"article:modified_time\" content=\"2025-09-25T13:13:22+00:00\" \/>\n<meta name=\"twitter:card\" content=\"summary_large_image\" \/>\n<script type=\"application\/ld+json\" class=\"yoast-schema-graph\">{\"@context\":\"https:\/\/schema.org\",\"@graph\":[{\"@type\":\"WebPage\",\"@id\":\"https:\/\/tasz.hu\/en\/news\/\",\"url\":\"https:\/\/tasz.hu\/en\/news\/\",\"name\":\"News | tasz\",\"isPartOf\":{\"@id\":\"https:\/\/tasz.hu\/#website\"},\"datePublished\":\"2025-07-31T10:37:14+00:00\",\"dateModified\":\"2025-09-25T13:13:22+00:00\",\"breadcrumb\":{\"@id\":\"https:\/\/tasz.hu\/en\/news\/#breadcrumb\"},\"inLanguage\":\"en-US\",\"potentialAction\":[{\"@type\":\"ReadAction\",\"target\":[\"https:\/\/tasz.hu\/en\/news\/\"]}]},{\"@type\":\"BreadcrumbList\",\"@id\":\"https:\/\/tasz.hu\/en\/news\/#breadcrumb\",\"itemListElement\":[{\"@type\":\"ListItem\",\"position\":1,\"name\":\"Kezd\u0151lap\",\"item\":\"https:\/\/tasz.hu\/en\/\"},{\"@type\":\"ListItem\",\"position\":2,\"name\":\"News\"}]},{\"@type\":\"WebSite\",\"@id\":\"https:\/\/tasz.hu\/#website\",\"url\":\"https:\/\/tasz.hu\/\",\"name\":\"T\u00e1rsas\u00e1g a Szabads\u00e1gjogok\u00e9rt\",\"description\":\"T\u00e1rsas\u00e1g a Szabads\u00e1gjogok\u00e9rt\",\"publisher\":{\"@id\":\"https:\/\/tasz.hu\/#organization\"},\"alternateName\":\"TASZ\",\"potentialAction\":[{\"@type\":\"SearchAction\",\"target\":{\"@type\":\"EntryPoint\",\"urlTemplate\":\"https:\/\/tasz.hu\/?s={search_term_string}\"},\"query-input\":{\"@type\":\"PropertyValueSpecification\",\"valueRequired\":true,\"valueName\":\"search_term_string\"}}],\"inLanguage\":\"en-US\"},{\"@type\":\"Organization\",\"@id\":\"https:\/\/tasz.hu\/#organization\",\"name\":\"T\u00e1rsas\u00e1g a Szabads\u00e1gjogok\u00e9rt\",\"url\":\"https:\/\/tasz.hu\/\",\"logo\":{\"@type\":\"ImageObject\",\"inLanguage\":\"en-US\",\"@id\":\"https:\/\/tasz.hu\/#\/schema\/logo\/image\/\",\"url\":\"https:\/\/tasz.hu\/wp-content\/uploads\/2024\/01\/taszlogo_sarga.svg\",\"contentUrl\":\"https:\/\/tasz.hu\/wp-content\/uploads\/2024\/01\/taszlogo_sarga.svg\",\"width\":1,\"height\":1,\"caption\":\"T\u00e1rsas\u00e1g a Szabads\u00e1gjogok\u00e9rt\"},\"image\":{\"@id\":\"https:\/\/tasz.hu\/#\/schema\/logo\/image\/\"},\"sameAs\":[\"https:\/\/www.facebook.com\/atasz\",\"https:\/\/instagram.com\/ataszjelenti\",\"https:\/\/www.tiktok.com\/@ataszjelenti\"]}]}<\/script>\n<!-- \/ Yoast SEO plugin. -->","yoast_head_json":{"title":"News | tasz","robots":{"index":"index","follow":"follow","max-snippet":"max-snippet:-1","max-image-preview":"max-image-preview:large","max-video-preview":"max-video-preview:-1"},"canonical":"https:\/\/tasz.hu\/en\/news\/","og_locale":"en_US","og_type":"article","og_title":"News | tasz","og_url":"https:\/\/tasz.hu\/en\/news\/","og_site_name":"tasz","article_publisher":"https:\/\/www.facebook.com\/atasz","article_modified_time":"2025-09-25T13:13:22+00:00","twitter_card":"summary_large_image","schema":{"@context":"https:\/\/schema.org","@graph":[{"@type":"WebPage","@id":"https:\/\/tasz.hu\/en\/news\/","url":"https:\/\/tasz.hu\/en\/news\/","name":"News | tasz","isPartOf":{"@id":"https:\/\/tasz.hu\/#website"},"datePublished":"2025-07-31T10:37:14+00:00","dateModified":"2025-09-25T13:13:22+00:00","breadcrumb":{"@id":"https:\/\/tasz.hu\/en\/news\/#breadcrumb"},"inLanguage":"en-US","potentialAction":[{"@type":"ReadAction","target":["https:\/\/tasz.hu\/en\/news\/"]}]},{"@type":"BreadcrumbList","@id":"https:\/\/tasz.hu\/en\/news\/#breadcrumb","itemListElement":[{"@type":"ListItem","position":1,"name":"Kezd\u0151lap","item":"https:\/\/tasz.hu\/en\/"},{"@type":"ListItem","position":2,"name":"News"}]},{"@type":"WebSite","@id":"https:\/\/tasz.hu\/#website","url":"https:\/\/tasz.hu\/","name":"T\u00e1rsas\u00e1g a Szabads\u00e1gjogok\u00e9rt","description":"T\u00e1rsas\u00e1g a Szabads\u00e1gjogok\u00e9rt","publisher":{"@id":"https:\/\/tasz.hu\/#organization"},"alternateName":"TASZ","potentialAction":[{"@type":"SearchAction","target":{"@type":"EntryPoint","urlTemplate":"https:\/\/tasz.hu\/?s={search_term_string}"},"query-input":{"@type":"PropertyValueSpecification","valueRequired":true,"valueName":"search_term_string"}}],"inLanguage":"en-US"},{"@type":"Organization","@id":"https:\/\/tasz.hu\/#organization","name":"T\u00e1rsas\u00e1g a Szabads\u00e1gjogok\u00e9rt","url":"https:\/\/tasz.hu\/","logo":{"@type":"ImageObject","inLanguage":"en-US","@id":"https:\/\/tasz.hu\/#\/schema\/logo\/image\/","url":"https:\/\/tasz.hu\/wp-content\/uploads\/2024\/01\/taszlogo_sarga.svg","contentUrl":"https:\/\/tasz.hu\/wp-content\/uploads\/2024\/01\/taszlogo_sarga.svg","width":1,"height":1,"caption":"T\u00e1rsas\u00e1g a Szabads\u00e1gjogok\u00e9rt"},"image":{"@id":"https:\/\/tasz.hu\/#\/schema\/logo\/image\/"},"sameAs":["https:\/\/www.facebook.com\/atasz","https:\/\/instagram.com\/ataszjelenti","https:\/\/www.tiktok.com\/@ataszjelenti"]}]}},"_links":{"self":[{"href":"https:\/\/tasz.hu\/en\/wp-json\/wp\/v2\/pages\/23226","targetHints":{"allow":["GET"]}}],"collection":[{"href":"https:\/\/tasz.hu\/en\/wp-json\/wp\/v2\/pages"}],"about":[{"href":"https:\/\/tasz.hu\/en\/wp-json\/wp\/v2\/types\/page"}],"author":[{"embeddable":true,"href":"https:\/\/tasz.hu\/en\/wp-json\/wp\/v2\/users\/4"}],"replies":[{"embeddable":true,"href":"https:\/\/tasz.hu\/en\/wp-json\/wp\/v2\/comments?post=23226"}],"version-history":[{"count":4,"href":"https:\/\/tasz.hu\/en\/wp-json\/wp\/v2\/pages\/23226\/revisions"}],"predecessor-version":[{"id":27917,"href":"https:\/\/tasz.hu\/en\/wp-json\/wp\/v2\/pages\/23226\/revisions\/27917"}],"wp:attachment":[{"href":"https:\/\/tasz.hu\/en\/wp-json\/wp\/v2\/media?parent=23226"}],"wp:term":[{"taxonomy":"cimkek","embeddable":true,"href":"https:\/\/tasz.hu\/en\/wp-json\/wp\/v2\/cimkek?post=23226"}],"curies":[{"name":"wp","href":"https:\/\/api.w.org\/{rel}","templated":true}]}}